{"id":3945,"date":"2024-03-05T12:49:56","date_gmt":"2024-03-05T11:49:56","guid":{"rendered":"https:\/\/bimoutdoor.be\/liste-de-souhaits\/"},"modified":"2026-03-04T11:26:36","modified_gmt":"2026-03-04T10:26:36","slug":"liste-de-souhaits","status":"publish","type":"page","link":"https:\/\/bimoutdoor.be\/fr\/liste-de-souhaits\/","title":{"rendered":"Liste de souhaits"},"content":{"rendered":"\t\t<div data-elementor-type=\"wp-page\" data-elementor-id=\"3945\" class=\"elementor elementor-3945 elementor-914\" data-elementor-post-type=\"page\">\n\t\t\t\t\t\t<section class=\"elementor-section elementor-top-section elementor-element elementor-element-fe3f06f elementor-section-boxed elementor-section-height-default elementor-section-height-default\" data-id=\"fe3f06f\" data-element_type=\"section\" data-e-type=\"section\" data-settings=\"{&quot;background_background&quot;:&quot;gradient&quot;}\">\n\t\t\t\t\t\t<div class=\"elementor-container elementor-column-gap-default\">\n\t\t\t\t\t<div class=\"elementor-column elementor-col-100 elementor-top-column elementor-element elementor-element-439495d\" data-id=\"439495d\" data-element_type=\"column\" data-e-type=\"column\">\n\t\t\t<div class=\"elementor-widget-wrap elementor-element-populated\">\n\t\t\t\t\t\t<div class=\"elementor-element elementor-element-c7bb792 jet-breadcrumbs-align-right elementor-widget__width-auto jet-breadcrumbs-align-mobile-left elementor-widget-mobile__width-inherit elementor-widget elementor-widget-jet-breadcrumbs\" data-id=\"c7bb792\" data-element_type=\"widget\" data-e-type=\"widget\" data-widget_type=\"jet-breadcrumbs.default\">\n\t\t\t\t<div class=\"elementor-widget-container\">\n\t\t\t\t\t<div class=\"elementor-jet-breadcrumbs jet-blocks\">\n\t\t<div class=\"jet-breadcrumbs\">\n\t\t<div class=\"jet-breadcrumbs__content\">\n\t\t<div class=\"jet-breadcrumbs__wrap\"><div class=\"jet-breadcrumbs__item\"><a href=\"https:\/\/bimoutdoor.be\/fr\/\" class=\"jet-breadcrumbs__item-link is-home\" rel=\"home\" title=\"Accueil\">Accueil<\/a><\/div>\n\t\t<\/div>\n\t\t<\/div>\n\t\t<\/div><\/div>\t\t\t\t<\/div>\n\t\t\t\t<\/div>\n\t\t\t\t\t<\/div>\n\t\t<\/div>\n\t\t\t\t\t<\/div>\n\t\t<\/section>\n\t\t<div class=\"elementor-element elementor-element-2f7e72f e-flex e-con-boxed e-con e-parent\" data-id=\"2f7e72f\" data-element_type=\"container\" data-e-type=\"container\">\n\t\t\t\t\t<div class=\"e-con-inner\">\n\t\t\t\t<div class=\"elementor-element elementor-element-0bd990f elementor-widget elementor-widget-jet-wishlist\" data-id=\"0bd990f\" data-element_type=\"widget\" data-e-type=\"widget\" data-widget_type=\"jet-wishlist.default\">\n\t\t\t\t<div class=\"elementor-widget-container\">\n\t\t\t\t\t<div class=\"jet-cw jet-wishlist\">\t\t\t<div class=\"jet-wishlist__content woocommerce jet-wishlist-products--preset-1\" data-widget-type=\"jet-wishlist\" data-widget-id=\"0bd990f\">\n\t\t\t\t<h5 class=\"jet-wishlist-empty\">Aucun produit n&#039;a \u00e9t\u00e9 ajout\u00e9 \u00e0 la liste de souhaits.<\/h5>\n\t\t\t<\/div>\n\t\t\t<\/div>\t\t\t\t<\/div>\n\t\t\t\t<\/div>\n\t\t\t\t\t<\/div>\n\t\t\t\t<\/div>\n\t\t\t\t<\/div>\n\t\t","protected":false},"excerpt":{"rendered":"<p>Home Aucun produit n&#039;a \u00e9t\u00e9 ajout\u00e9 \u00e0 la liste de souhaits.<\/p>\n","protected":false},"author":1,"featured_media":0,"parent":0,"menu_order":0,"comment_status":"closed","ping_status":"closed","template":"","meta":{"footnotes":""},"class_list":["post-3945","page","type-page","status-publish","hentry"],"_links":{"self":[{"href":"https:\/\/bimoutdoor.be\/fr\/wp-json\/wp\/v2\/pages\/3945","targetHints":{"allow":["GET"]}}],"collection":[{"href":"https:\/\/bimoutdoor.be\/fr\/wp-json\/wp\/v2\/pages"}],"about":[{"href":"https:\/\/bimoutdoor.be\/fr\/wp-json\/wp\/v2\/types\/page"}],"author":[{"embeddable":true,"href":"https:\/\/bimoutdoor.be\/fr\/wp-json\/wp\/v2\/users\/1"}],"replies":[{"embeddable":true,"href":"https:\/\/bimoutdoor.be\/fr\/wp-json\/wp\/v2\/comments?post=3945"}],"version-history":[{"count":1,"href":"https:\/\/bimoutdoor.be\/fr\/wp-json\/wp\/v2\/pages\/3945\/revisions"}],"predecessor-version":[{"id":3946,"href":"https:\/\/bimoutdoor.be\/fr\/wp-json\/wp\/v2\/pages\/3945\/revisions\/3946"}],"wp:attachment":[{"href":"https:\/\/bimoutdoor.be\/fr\/wp-json\/wp\/v2\/media?parent=3945"}],"curies":[{"name":"wp","href":"https:\/\/api.w.org\/{rel}","templated":true}]}}